{"id":1873,"date":"2025-01-17T17:46:36","date_gmt":"2025-01-17T17:46:36","guid":{"rendered":"https:\/\/deficglobe.com\/sustenabilitate-defic-globe\/"},"modified":"2026-03-11T20:43:39","modified_gmt":"2026-03-11T20:43:39","slug":"sustenabilitate-defic-globe","status":"publish","type":"page","link":"https:\/\/deficglobe.com\/ro\/sustenabilitate-defic-globe\/","title":{"rendered":"Sustenabilitate | DEFIC Globe"},"content":{"rendered":"\t\t<div data-elementor-type=\"wp-page\" data-elementor-id=\"1873\" class=\"elementor elementor-1873 elementor-426\" data-elementor-post-type=\"page\">\n\t\t\t\t<div class=\"elementor-element elementor-element-a9fce6a e-flex e-con-boxed e-con e-parent\" data-id=\"a9fce6a\" data-element_type=\"container\" data-e-type=\"container\" data-settings=\"{&quot;background_background&quot;:&quot;classic&quot;}\">\n\t\t\t\t\t<div class=\"e-con-inner\">\n\t\t\t\t<div class=\"elementor-element elementor-element-a99c2fe elementor-widget elementor-widget-heading\" data-id=\"a99c2fe\" data-element_type=\"widget\" data-e-type=\"widget\" data-widget_type=\"heading.default\">\n\t\t\t\t<div class=\"elementor-widget-container\">\n\t\t\t\t\t<h1 class=\"elementor-heading-title elementor-size-default\">Sustenabilitate | DEFIC Globe<\/h1>\t\t\t\t<\/div>\n\t\t\t\t<\/div>\n\t\t\t\t\t<\/div>\n\t\t\t\t<\/div>\n\t\t<div class=\"elementor-element elementor-element-b1c1e32 e-flex e-con-boxed e-con e-parent\" data-id=\"b1c1e32\" data-element_type=\"container\" data-e-type=\"container\">\n\t\t\t\t\t<div class=\"e-con-inner\">\n\t\t\t\t<div class=\"elementor-element elementor-element-45fa201 elementor-widget elementor-widget-heading\" data-id=\"45fa201\" data-element_type=\"widget\" data-e-type=\"widget\" data-widget_type=\"heading.default\">\n\t\t\t\t<div class=\"elementor-widget-container\">\n\t\t\t\t\t<h2 class=\"elementor-heading-title elementor-size-default\">Sustenabilitatea Defic Globe<\/h2>\t\t\t\t<\/div>\n\t\t\t\t<\/div>\n\t\t\t\t\t<\/div>\n\t\t\t\t<\/div>\n\t\t<div class=\"elementor-element elementor-element-602bc65 e-flex e-con-boxed e-con e-parent\" data-id=\"602bc65\" data-element_type=\"container\" data-e-type=\"container\" data-settings=\"{&quot;background_background&quot;:&quot;classic&quot;}\">\n\t\t\t\t\t<div class=\"e-con-inner\">\n\t\t<div class=\"elementor-element elementor-element-3c84316 e-con-full e-flex e-con e-child\" data-id=\"3c84316\" data-element_type=\"container\" data-e-type=\"container\" data-settings=\"{&quot;background_background&quot;:&quot;classic&quot;}\">\n\t\t<div class=\"elementor-element elementor-element-efd7e1d e-con-full e-flex e-con e-child\" data-id=\"efd7e1d\" data-element_type=\"container\" data-e-type=\"container\" data-settings=\"{&quot;background_background&quot;:&quot;gradient&quot;}\">\n\t\t\t\t<div class=\"elementor-element elementor-element-9540daf elementor-widget elementor-widget-heading\" data-id=\"9540daf\" data-element_type=\"widget\" data-e-type=\"widget\" data-widget_type=\"heading.default\">\n\t\t\t\t<div class=\"elementor-widget-container\">\n\t\t\t\t\t<h6 class=\"elementor-heading-title elementor-size-default\">\"Dezvoltarea proiectelor de energie solar\u0103 \u0219i eolian\u0103 \u0219i tranzi\u021bia c\u0103tre energia regenerabil\u0103 pot fi v\u0103zute ca un obiectiv \u00een sine. Dar pentru Defic Globe, este \u00een acela\u0219i timp \u0219i o expresie a respectului fa\u021b\u0103 de planet\u0103 \u0219i fa\u021b\u0103 de oamenii care tr\u0103iesc pe ea... Pentru c\u0103 P\u0103m\u00e2ntul ne apar\u021bine tuturor!\u201d<\/h6>\t\t\t\t<\/div>\n\t\t\t\t<\/div>\n\t\t\t\t<\/div>\n\t\t\t\t<\/div>\n\t\t\t\t\t<\/div>\n\t\t\t\t<\/div>\n\t\t<div class=\"elementor-element elementor-element-fde08ee e-flex e-con-boxed e-con e-parent\" data-id=\"fde08ee\" data-element_type=\"container\" data-e-type=\"container\" data-settings=\"{&quot;background_background&quot;:&quot;classic&quot;}\">\n\t\t\t\t\t<div class=\"e-con-inner\">\n\t\t<div class=\"elementor-element elementor-element-4ceb10a e-con-full e-flex e-con e-child\" data-id=\"4ceb10a\" data-element_type=\"container\" data-e-type=\"container\" data-settings=\"{&quot;background_background&quot;:&quot;classic&quot;}\">\n\t\t<div class=\"elementor-element elementor-element-a7bde47 e-con-full e-flex e-con e-child\" data-id=\"a7bde47\" data-element_type=\"container\" data-e-type=\"container\" data-settings=\"{&quot;background_background&quot;:&quot;gradient&quot;}\">\n\t\t\t\t<div class=\"elementor-element elementor-element-427a3f5 elementor-widget elementor-widget-text-editor\" data-id=\"427a3f5\" data-element_type=\"widget\" data-e-type=\"widget\" data-widget_type=\"text-editor.default\">\n\t\t\t\t<div class=\"elementor-widget-container\">\n\t\t\t\t\t\t\t\t\t<p>Potrivit oamenilor de \u0219tiin\u021b\u0103, emisiile globale de carbon trebuie reduse cu cel pu\u021bin 50% p\u00e2n\u0103 \u00een anul 2030. \u00cen caz contrar, temperaturile globale vor dep\u0103\u0219i un prag critic, gener\u00e2nd consecin\u021be ireversibile asupra mediului, economiei\u0219i societ\u0103\u021bii.<\/p>\t\t\t\t\t\t\t\t<\/div>\n\t\t\t\t<\/div>\n\t\t\t\t<\/div>\n\t\t<div class=\"elementor-element elementor-element-cbbf105 e-con-full e-flex e-con e-child\" data-id=\"cbbf105\" data-element_type=\"container\" data-e-type=\"container\" data-settings=\"{&quot;background_background&quot;:&quot;classic&quot;}\">\n\t\t\t\t<\/div>\n\t\t\t\t<\/div>\n\t\t\t\t\t<\/div>\n\t\t\t\t<\/div>\n\t\t<div class=\"elementor-element elementor-element-60a068e e-flex e-con-boxed e-con e-parent\" data-id=\"60a068e\" data-element_type=\"container\" data-e-type=\"container\" data-settings=\"{&quot;background_background&quot;:&quot;classic&quot;}\">\n\t\t\t\t\t<div class=\"e-con-inner\">\n\t\t<div class=\"elementor-element elementor-element-a4168a3 e-con-full e-flex e-con e-child\" data-id=\"a4168a3\" data-element_type=\"container\" data-e-type=\"container\" data-settings=\"{&quot;background_background&quot;:&quot;classic&quot;}\">\n\t\t<div class=\"elementor-element elementor-element-7d14bf8 e-con-full e-flex e-con e-child\" data-id=\"7d14bf8\" data-element_type=\"container\" data-e-type=\"container\" data-settings=\"{&quot;background_background&quot;:&quot;classic&quot;}\">\n\t\t\t\t<\/div>\n\t\t<div class=\"elementor-element elementor-element-726ab76 e-con-full e-flex e-con e-child\" data-id=\"726ab76\" data-element_type=\"container\" data-e-type=\"container\" data-settings=\"{&quot;background_background&quot;:&quot;gradient&quot;}\">\n\t\t\t\t<div class=\"elementor-element elementor-element-cad5da3 elementor-widget elementor-widget-text-editor\" data-id=\"cad5da3\" data-element_type=\"widget\" data-e-type=\"widget\" data-widget_type=\"text-editor.default\">\n\t\t\t\t<div class=\"elementor-widget-container\">\n\t\t\t\t\t\t\t\t\t<p>\u00cen prezent , sectorul energetic reprezint\u0103 aproximativ 73% din emisiile globale de gaze cu efect de ser\u0103. Prin urmare, \u00eenlocuirea combustibililor fosili cu energie regenerabil\u0103 este cea mai eficient\u0103 m\u0103sur\u0103 pentru combaterea crizei climatice.<\/p>\t\t\t\t\t\t\t\t<\/div>\n\t\t\t\t<\/div>\n\t\t\t\t<\/div>\n\t\t\t\t<\/div>\n\t\t\t\t\t<\/div>\n\t\t\t\t<\/div>\n\t\t<div class=\"elementor-element elementor-element-d3154a3 e-flex e-con-boxed e-con e-parent\" data-id=\"d3154a3\" data-element_type=\"container\" data-e-type=\"container\" data-settings=\"{&quot;background_background&quot;:&quot;classic&quot;}\">\n\t\t\t\t\t<div class=\"e-con-inner\">\n\t\t<div class=\"elementor-element elementor-element-53ed751 e-con-full e-flex e-con e-child\" data-id=\"53ed751\" data-element_type=\"container\" data-e-type=\"container\" data-settings=\"{&quot;background_background&quot;:&quot;classic&quot;}\">\n\t\t<div class=\"elementor-element elementor-element-ba863a7 e-con-full e-flex e-con e-child\" data-id=\"ba863a7\" data-element_type=\"container\" data-e-type=\"container\" data-settings=\"{&quot;background_background&quot;:&quot;gradient&quot;}\">\n\t\t\t\t<div class=\"elementor-element elementor-element-eda1740 elementor-widget elementor-widget-text-editor\" data-id=\"eda1740\" data-element_type=\"widget\" data-e-type=\"widget\" data-widget_type=\"text-editor.default\">\n\t\t\t\t<div class=\"elementor-widget-container\">\n\t\t\t\t\t\t\t\t\t<p>Defic Globe \u00ee\u0219i asum\u0103 aceast\u0103 responsabilitate \u0219i se angajeaz\u0103 s\u0103 urmeze un parcurs credibil c\u0103tre un obiectiv net zero verificat, bazat pe principii \u0219tiin\u021bifice.<\/p>\t\t\t\t\t\t\t\t<\/div>\n\t\t\t\t<\/div>\n\t\t\t\t<\/div>\n\t\t<div class=\"elementor-element elementor-element-29bdf4f e-con-full e-flex e-con e-child\" data-id=\"29bdf4f\" data-element_type=\"container\" data-e-type=\"container\" data-settings=\"{&quot;background_background&quot;:&quot;classic&quot;}\">\n\t\t\t\t<\/div>\n\t\t\t\t<\/div>\n\t\t\t\t\t<\/div>\n\t\t\t\t<\/div>\n\t\t<div class=\"elementor-element elementor-element-333180a e-flex e-con-boxed e-con e-parent\" data-id=\"333180a\" data-element_type=\"container\" data-e-type=\"container\" data-settings=\"{&quot;background_background&quot;:&quot;classic&quot;}\">\n\t\t\t\t\t<div class=\"e-con-inner\">\n\t\t<div class=\"elementor-element elementor-element-eaa8bbd e-con-full e-flex e-con e-child\" data-id=\"eaa8bbd\" data-element_type=\"container\" data-e-type=\"container\" data-settings=\"{&quot;background_background&quot;:&quot;classic&quot;}\">\n\t\t<div class=\"elementor-element elementor-element-83401eb e-con-full e-flex e-con e-child\" data-id=\"83401eb\" data-element_type=\"container\" data-e-type=\"container\" data-settings=\"{&quot;background_background&quot;:&quot;classic&quot;}\">\n\t\t\t\t<\/div>\n\t\t<div class=\"elementor-element elementor-element-062c5d0 e-con-full e-flex e-con e-child\" data-id=\"062c5d0\" data-element_type=\"container\" data-e-type=\"container\" data-settings=\"{&quot;background_background&quot;:&quot;gradient&quot;}\">\n\t\t\t\t<div class=\"elementor-element elementor-element-ce7fb19 elementor-widget elementor-widget-text-editor\" data-id=\"ce7fb19\" data-element_type=\"widget\" data-e-type=\"widget\" data-widget_type=\"text-editor.default\">\n\t\t\t\t<div class=\"elementor-widget-container\">\n\t\t\t\t\t\t\t\t\t<p>De-a lungul \u00eentregului nostru lan\u021b valoric, ne propunem nu numai s\u0103 producem energie curat\u0103, ci \u0219i s\u0103 vindec\u0103m mediul \u00eenconjur\u0103tor, s\u0103 \u00eemputernicim comunit\u0103\u021bile \u0219i s\u0103 cre\u0103m valoare economic\u0103 sustenabil\u0103. Reducerea impactului asupra mediului este esen\u021bial\u0103 pentru tot ceea ce facem. Credem c\u0103 sustenabilitatea nu ar trebui s\u0103 fie un privilegiu al marilor societ\u0103\u021bi, ci o for\u021b\u0103 transformatoare accesibil\u0103 tuturor.<\/p>\t\t\t\t\t\t\t\t<\/div>\n\t\t\t\t<\/div>\n\t\t\t\t<\/div>\n\t\t\t\t<\/div>\n\t\t\t\t\t<\/div>\n\t\t\t\t<\/div>\n\t\t<div class=\"elementor-element elementor-element-ce83391 e-flex e-con-boxed e-con e-parent\" data-id=\"ce83391\" data-element_type=\"container\" data-e-type=\"container\" data-settings=\"{&quot;background_background&quot;:&quot;classic&quot;}\">\n\t\t\t\t\t<div class=\"e-con-inner\">\n\t\t<div class=\"elementor-element elementor-element-e7392d5 e-con-full e-flex e-con e-child\" data-id=\"e7392d5\" data-element_type=\"container\" data-e-type=\"container\" data-settings=\"{&quot;background_background&quot;:&quot;classic&quot;}\">\n\t\t<div class=\"elementor-element elementor-element-415a54d e-con-full e-flex e-con e-child\" data-id=\"415a54d\" data-element_type=\"container\" data-e-type=\"container\" data-settings=\"{&quot;background_background&quot;:&quot;gradient&quot;}\">\n\t\t\t\t<div class=\"elementor-element elementor-element-6ccc2b9 elementor-widget elementor-widget-text-editor\" data-id=\"6ccc2b9\" data-element_type=\"widget\" data-e-type=\"widget\" data-widget_type=\"text-editor.default\">\n\t\t\t\t<div class=\"elementor-widget-container\">\n\t\t\t\t\t\t\t\t\t<p>Cu aceast\u0103 viziune, ne angaj\u0103m s\u0103 \u00eendeplinim Obiectivele de Dezvoltare Sustenabil\u0103 ale Na\u021biunilor Unite, \u00een special \u00een domeniile de Energie Accesibil\u0103 \u0219i Curat\u0103, Industrie-Inovare \u0219i Infrastructur\u0103, Produc\u021bie \u0219i Consum Responsabil \u0219i Ac\u021biune Climatic\u0103.<\/p>\t\t\t\t\t\t\t\t<\/div>\n\t\t\t\t<\/div>\n\t\t\t\t<\/div>\n\t\t<div class=\"elementor-element elementor-element-6bfe9c8 e-con-full e-flex e-con e-child\" data-id=\"6bfe9c8\" data-element_type=\"container\" data-e-type=\"container\" data-settings=\"{&quot;background_background&quot;:&quot;classic&quot;}\">\n\t\t\t\t<\/div>\n\t\t\t\t<\/div>\n\t\t\t\t\t<\/div>\n\t\t\t\t<\/div>\n\t\t<div class=\"elementor-element elementor-element-d8707bc e-flex e-con-boxed e-con e-parent\" data-id=\"d8707bc\" data-element_type=\"container\" data-e-type=\"container\" data-settings=\"{&quot;background_background&quot;:&quot;classic&quot;}\">\n\t\t\t\t\t<div class=\"e-con-inner\">\n\t\t<div class=\"elementor-element elementor-element-7bc2d2e e-con-full e-flex e-con e-child\" data-id=\"7bc2d2e\" data-element_type=\"container\" data-e-type=\"container\" data-settings=\"{&quot;background_background&quot;:&quot;classic&quot;}\">\n\t\t<div class=\"elementor-element elementor-element-8bb77b9 e-con-full e-flex e-con e-child\" data-id=\"8bb77b9\" data-element_type=\"container\" data-e-type=\"container\" data-settings=\"{&quot;background_background&quot;:&quot;classic&quot;}\">\n\t\t\t\t<\/div>\n\t\t<div class=\"elementor-element elementor-element-a44ab29 e-con-full e-flex e-con e-child\" data-id=\"a44ab29\" data-element_type=\"container\" data-e-type=\"container\" data-settings=\"{&quot;background_background&quot;:&quot;gradient&quot;}\">\n\t\t\t\t<div class=\"elementor-element elementor-element-9fb272f elementor-widget elementor-widget-text-editor\" data-id=\"9fb272f\" data-element_type=\"widget\" data-e-type=\"widget\" data-widget_type=\"text-editor.default\">\n\t\t\t\t<div class=\"elementor-widget-container\">\n\t\t\t\t\t\t\t\t\t<p>Tehnologia noastr\u0103 cre\u0219te eficien\u021ba energetic\u0103, reduce emisiile \u0219i minimizeaz\u0103 consumul de resurse. Prin dezvoltarea solu\u021biilor compatibile cu mediul , construim un viitor mai sustenabil at\u00e2t pentru comunit\u0103\u021bi, c\u00e2t \u0219i pentru mediul de afaceri , reduc\u00e2nd \u00een acela\u0219i timp impactul asupra mediului.<\/p><p>Pentru c\u0103 noi nu producem doar energie, ci facem s\u0103 fie posibil un viitor mai bun.<\/p>\t\t\t\t\t\t\t\t<\/div>\n\t\t\t\t<\/div>\n\t\t\t\t<\/div>\n\t\t\t\t<\/div>\n\t\t\t\t\t<\/div>\n\t\t\t\t<\/div>\n\t\t\t\t<\/div>\n\t\t","protected":false},"excerpt":{"rendered":"<p>Sustenabilitate | DEFIC Globe Sustenabilitatea Defic Globe &#8222;Dezvoltarea proiectelor de energie solar\u0103 \u0219i eolian\u0103 \u0219i tranzi\u021bia c\u0103tre energia regenerabil\u0103 pot&#8230;<\/p>\n","protected":false},"author":1,"featured_media":0,"parent":0,"menu_order":0,"comment_status":"closed","ping_status":"closed","template":"elementor_header_footer","meta":{"footnotes":""},"class_list":["post-1873","page","type-page","status-publish","hentry"],"_links":{"self":[{"href":"https:\/\/deficglobe.com\/ro\/wp-json\/wp\/v2\/pages\/1873","targetHints":{"allow":["GET"]}}],"collection":[{"href":"https:\/\/deficglobe.com\/ro\/wp-json\/wp\/v2\/pages"}],"about":[{"href":"https:\/\/deficglobe.com\/ro\/wp-json\/wp\/v2\/types\/page"}],"author":[{"embeddable":true,"href":"https:\/\/deficglobe.com\/ro\/wp-json\/wp\/v2\/users\/1"}],"replies":[{"embeddable":true,"href":"https:\/\/deficglobe.com\/ro\/wp-json\/wp\/v2\/comments?post=1873"}],"version-history":[{"count":1,"href":"https:\/\/deficglobe.com\/ro\/wp-json\/wp\/v2\/pages\/1873\/revisions"}],"predecessor-version":[{"id":1876,"href":"https:\/\/deficglobe.com\/ro\/wp-json\/wp\/v2\/pages\/1873\/revisions\/1876"}],"wp:attachment":[{"href":"https:\/\/deficglobe.com\/ro\/wp-json\/wp\/v2\/media?parent=1873"}],"curies":[{"name":"wp","href":"https:\/\/api.w.org\/{rel}","templated":true}]}}