{"id":1845,"date":"2025-01-16T15:17:20","date_gmt":"2025-01-16T15:17:20","guid":{"rendered":"https:\/\/deficglobe.com\/prezentare-generala-defic-globe\/"},"modified":"2026-03-11T21:06:12","modified_gmt":"2026-03-11T21:06:12","slug":"prezentare-generala-defic-globe","status":"publish","type":"page","link":"https:\/\/deficglobe.com\/ro\/prezentare-generala-defic-globe\/","title":{"rendered":"Prezentare General\u0103 | DEFIC Globe"},"content":{"rendered":"\t\t<div data-elementor-type=\"wp-page\" data-elementor-id=\"1845\" class=\"elementor elementor-1845 elementor-308\" data-elementor-post-type=\"page\">\n\t\t\t\t<div class=\"elementor-element elementor-element-3780294 e-flex e-con-boxed e-con e-parent\" data-id=\"3780294\" data-element_type=\"container\" data-e-type=\"container\" data-settings=\"{&quot;background_background&quot;:&quot;classic&quot;}\">\n\t\t\t\t\t<div class=\"e-con-inner\">\n\t\t\t\t<div class=\"elementor-element elementor-element-5825768 elementor-widget elementor-widget-heading\" data-id=\"5825768\" data-element_type=\"widget\" data-e-type=\"widget\" data-widget_type=\"heading.default\">\n\t\t\t\t<div class=\"elementor-widget-container\">\n\t\t\t\t\t<h1 class=\"elementor-heading-title elementor-size-default\">Prezentare General\u0103 | DEFIC Globe<\/h1>\t\t\t\t<\/div>\n\t\t\t\t<\/div>\n\t\t\t\t\t<\/div>\n\t\t\t\t<\/div>\n\t\t<div class=\"elementor-element elementor-element-9c32369 e-flex e-con-boxed e-con e-parent\" data-id=\"9c32369\" data-element_type=\"container\" data-e-type=\"container\">\n\t\t\t\t\t<div class=\"e-con-inner\">\n\t\t\t\t<div class=\"elementor-element elementor-element-46f941f elementor-widget elementor-widget-etheme_animated_headline\" data-id=\"46f941f\" data-element_type=\"widget\" data-e-type=\"widget\" data-settings=\"{&quot;shape&quot;:&quot;underline&quot;,&quot;text_style&quot;:&quot;highlight&quot;,&quot;loop&quot;:&quot;yes&quot;,&quot;duration&quot;:{&quot;unit&quot;:&quot;px&quot;,&quot;size&quot;:&quot;&quot;,&quot;sizes&quot;:[]}}\" data-widget_type=\"etheme_animated_headline.default\">\n\t\t\t\t<div class=\"elementor-widget-container\">\n\t\t\t\t\t        \n        <div class=\"etheme-headline-wrapper\">\n            <h2 class=\"etheme-headline\" data-style=\"highlight\">\n\t\t                                <span class=\"etheme-headline-text-before\">\n\t                        DEFIC, este o abreviere pentru cuvintele                        <\/span>\n                                    <span class=\"etheme-headline-text-wrapper\">\n                \n\t\t        DEzvoltare, FInan\u021be \u0219i Construc\u021bie<svg xmlns=\"http:\/\/www.w3.org\/2000\/svg\" viewBox=\"0 0 500 150\" preserveAspectRatio=\"none\"><path d=\"M5.5 125.883C149.207 118.384 329.838 103.383 495.5 125.883\"><\/path><\/svg>                \n                <\/span>\n                            <\/h2>\n        <\/div>\n        \n\t\t\t\t\t\t<\/div>\n\t\t\t\t<\/div>\n\t\t\t\t\t<\/div>\n\t\t\t\t<\/div>\n\t\t<div class=\"elementor-element elementor-element-9ab2de7 e-flex e-con-boxed e-con e-parent\" data-id=\"9ab2de7\" data-element_type=\"container\" data-e-type=\"container\">\n\t\t\t\t\t<div class=\"e-con-inner\">\n\t\t<div class=\"elementor-element elementor-element-3f8affe e-con-full e-flex e-con e-child\" data-id=\"3f8affe\" data-element_type=\"container\" data-e-type=\"container\">\n\t\t\t\t<div class=\"elementor-element elementor-element-cdc6669 elementor-widget elementor-widget-image\" data-id=\"cdc6669\" data-element_type=\"widget\" data-e-type=\"widget\" data-widget_type=\"image.default\">\n\t\t\t\t<div class=\"elementor-widget-container\">\n\t\t\t\t\t\t\t\t\t\t\t\t\t\t\t<img fetchpriority=\"high\" decoding=\"async\" width=\"1000\" height=\"1000\" src=\"https:\/\/deficglobe.com\/wp-content\/uploads\/2025\/10\/overview-05.jpg\" class=\"attachment-large size-large wp-image-1844\" alt=\"Prezentare General\u0103\" srcset=\"https:\/\/deficglobe.com\/wp-content\/uploads\/2025\/10\/overview-05.jpg 1000w, https:\/\/deficglobe.com\/wp-content\/uploads\/2025\/10\/overview-05-300x300.jpg 300w, https:\/\/deficglobe.com\/wp-content\/uploads\/2025\/10\/overview-05-150x150.jpg 150w, https:\/\/deficglobe.com\/wp-content\/uploads\/2025\/10\/overview-05-768x768.jpg 768w, https:\/\/deficglobe.com\/wp-content\/uploads\/2025\/10\/overview-05-1x1.jpg 1w, https:\/\/deficglobe.com\/wp-content\/uploads\/2025\/10\/overview-05-10x10.jpg 10w\" sizes=\"(max-width: 1000px) 100vw, 1000px\" \/>\t\t\t\t\t\t\t\t\t\t\t\t\t\t\t<\/div>\n\t\t\t\t<\/div>\n\t\t\t\t<\/div>\n\t\t<div class=\"elementor-element elementor-element-7d955af e-con-full e-flex e-con e-child\" data-id=\"7d955af\" data-element_type=\"container\" data-e-type=\"container\">\n\t\t\t\t<div class=\"elementor-element elementor-element-0bea80e elementor-widget elementor-widget-text-editor\" data-id=\"0bea80e\" data-element_type=\"widget\" data-e-type=\"widget\" data-widget_type=\"text-editor.default\">\n\t\t\t\t<div class=\"elementor-widget-container\">\n\t\t\t\t\t\t\t\t\t<p>Numele DEFIC este derivat din cuvintele Dezvoltare, Finan\u021be \u0219i Construc\u021bie; viziunea sa este definit\u0103 de dorin\u021ba de a realiza utopia \u201eO Lume f\u0103r\u0103 Carbon\u201d.<\/p><p>DEFIC Globe \u00ee\u0219i ajut\u0103 p\u0103r\u021bile interesate s\u0103 dezvolte cele mai eficiente \u0219i sustenabile proiecte, integr\u00e2nd competen\u021bele tehnice \u0219i financiare cu echipa sa experimentat\u0103 \u00een domeniul energiei regenerabile. Societatea asigur\u0103 suport cuprinz\u0103tor \u00een toate etapele acestui proces: finan\u021bare, construc\u021bie \u0219i operare.<\/p>\t\t\t\t\t\t\t\t<\/div>\n\t\t\t\t<\/div>\n\t\t\t\t<\/div>\n\t\t\t\t\t<\/div>\n\t\t\t\t<\/div>\n\t\t\t\t<\/div>\n\t\t","protected":false},"excerpt":{"rendered":"<p>Prezentare General\u0103 | DEFIC Globe DEFIC, este o abreviere pentru cuvintele DEzvoltare, FInan\u021be \u0219i Construc\u021bie Numele DEFIC este derivat din&#8230;<\/p>\n","protected":false},"author":1,"featured_media":0,"parent":0,"menu_order":0,"comment_status":"closed","ping_status":"closed","template":"elementor_header_footer","meta":{"footnotes":""},"class_list":["post-1845","page","type-page","status-publish","hentry"],"_links":{"self":[{"href":"https:\/\/deficglobe.com\/ro\/wp-json\/wp\/v2\/pages\/1845","targetHints":{"allow":["GET"]}}],"collection":[{"href":"https:\/\/deficglobe.com\/ro\/wp-json\/wp\/v2\/pages"}],"about":[{"href":"https:\/\/deficglobe.com\/ro\/wp-json\/wp\/v2\/types\/page"}],"author":[{"embeddable":true,"href":"https:\/\/deficglobe.com\/ro\/wp-json\/wp\/v2\/users\/1"}],"replies":[{"embeddable":true,"href":"https:\/\/deficglobe.com\/ro\/wp-json\/wp\/v2\/comments?post=1845"}],"version-history":[{"count":3,"href":"https:\/\/deficglobe.com\/ro\/wp-json\/wp\/v2\/pages\/1845\/revisions"}],"predecessor-version":[{"id":1933,"href":"https:\/\/deficglobe.com\/ro\/wp-json\/wp\/v2\/pages\/1845\/revisions\/1933"}],"wp:attachment":[{"href":"https:\/\/deficglobe.com\/ro\/wp-json\/wp\/v2\/media?parent=1845"}],"curies":[{"name":"wp","href":"https:\/\/api.w.org\/{rel}","templated":true}]}}