{"id":1841,"date":"2025-10-09T16:08:07","date_gmt":"2025-10-09T15:08:07","guid":{"rendered":"https:\/\/deficglobe.com\/partenerii-nostri-de-solutionari\/"},"modified":"2026-03-11T21:07:23","modified_gmt":"2026-03-11T21:07:23","slug":"partenerii-nostri-de-solutionari","status":"publish","type":"page","link":"https:\/\/deficglobe.com\/ro\/partenerii-nostri-de-solutionari\/","title":{"rendered":"Partenerii no\u0219tri de solu\u021bion\u0103ri"},"content":{"rendered":"\t\t<div data-elementor-type=\"wp-page\" data-elementor-id=\"1841\" class=\"elementor elementor-1841 elementor-1494\" data-elementor-post-type=\"page\">\n\t\t\t\t<div class=\"elementor-element elementor-element-e32a69a e-flex e-con-boxed e-con e-parent\" data-id=\"e32a69a\" data-element_type=\"container\" data-e-type=\"container\" data-settings=\"{&quot;background_background&quot;:&quot;classic&quot;}\">\n\t\t\t\t\t<div class=\"e-con-inner\">\n\t\t\t\t<div class=\"elementor-element elementor-element-cc34abe elementor-widget elementor-widget-heading\" data-id=\"cc34abe\" data-element_type=\"widget\" data-e-type=\"widget\" data-widget_type=\"heading.default\">\n\t\t\t\t<div class=\"elementor-widget-container\">\n\t\t\t\t\t<h1 class=\"elementor-heading-title elementor-size-default\">Partenerii no\u0219tri de solu\u021bion\u0103ri<\/h1>\t\t\t\t<\/div>\n\t\t\t\t<\/div>\n\t\t\t\t\t<\/div>\n\t\t\t\t<\/div>\n\t\t<div class=\"elementor-element elementor-element-1537d83 e-flex e-con-boxed e-con e-parent\" data-id=\"1537d83\" data-element_type=\"container\" data-e-type=\"container\">\n\t\t\t\t\t<div class=\"e-con-inner\">\n\t\t<div class=\"elementor-element elementor-element-88fc5fd e-con-full e-flex e-con e-child\" data-id=\"88fc5fd\" data-element_type=\"container\" data-e-type=\"container\">\n\t\t\t\t<div class=\"elementor-element elementor-element-8c54a02 elementor-widget elementor-widget-image\" data-id=\"8c54a02\" data-element_type=\"widget\" data-e-type=\"widget\" data-widget_type=\"image.default\">\n\t\t\t\t<div class=\"elementor-widget-container\">\n\t\t\t\t\t\t\t\t\t\t\t\t\t\t\t<img fetchpriority=\"high\" decoding=\"async\" width=\"800\" height=\"400\" src=\"https:\/\/deficglobe.com\/wp-content\/uploads\/elementor\/thumbs\/xstore-placeholder-qzkgrrgtl9g5jxz1thizal19cl62d2qamzawuba0vc.png\" class=\"attachment-large size-large wp-image-1838 lazyload lazyload-simple et-lazyload-fadeIn\" alt=\"Partenerii no\u0219tri de solu\u021bion\u0103ri\" sizes=\"(max-width: 800px) 100vw, 800px\" data-src=\"https:\/\/deficglobe.com\/wp-content\/uploads\/2025\/10\/Our-Solution-Partners-02.jpg\" data-srcset=\"https:\/\/deficglobe.com\/wp-content\/uploads\/2025\/10\/Our-Solution-Partners-02.jpg 800w, https:\/\/deficglobe.com\/wp-content\/uploads\/2025\/10\/Our-Solution-Partners-02-300x150.jpg 300w, https:\/\/deficglobe.com\/wp-content\/uploads\/2025\/10\/Our-Solution-Partners-02-768x384.jpg 768w, https:\/\/deficglobe.com\/wp-content\/uploads\/2025\/10\/Our-Solution-Partners-02-1x1.jpg 1w, https:\/\/deficglobe.com\/wp-content\/uploads\/2025\/10\/Our-Solution-Partners-02-10x5.jpg 10w\" \/>\t\t\t\t\t\t\t\t\t\t\t\t\t\t\t<\/div>\n\t\t\t\t<\/div>\n\t\t\t\t<\/div>\n\t\t<div class=\"elementor-element elementor-element-f92cb5f e-con-full e-flex e-con e-child\" data-id=\"f92cb5f\" data-element_type=\"container\" data-e-type=\"container\">\n\t\t\t\t<div class=\"elementor-element elementor-element-628596f elementor-widget elementor-widget-heading\" data-id=\"628596f\" data-element_type=\"widget\" data-e-type=\"widget\" data-widget_type=\"heading.default\">\n\t\t\t\t<div class=\"elementor-widget-container\">\n\t\t\t\t\t<h3 class=\"elementor-heading-title elementor-size-default\">HUAWEI<\/h3>\t\t\t\t<\/div>\n\t\t\t\t<\/div>\n\t\t\t\t<div class=\"elementor-element elementor-element-72838e0 elementor-widget elementor-widget-text-editor\" data-id=\"72838e0\" data-element_type=\"widget\" data-e-type=\"widget\" data-widget_type=\"text-editor.default\">\n\t\t\t\t<div class=\"elementor-widget-container\">\n\t\t\t\t\t\t\t\t\t<p>Huawei este un lider global \u00een tehnologie, specializat \u00een infrastructur\u0103 de tehnologie a informa\u021biei \u0219i comunica\u021biilor \u0219i dispozitive inteligente. Cu tehnologiile sale inovatoare, ne permite s\u0103 oferim cea mai avansat\u0103 infrastructur\u0103 de tehnologie a informa\u021biei \u0219i comunica\u021biilor clien\u021bilor no\u0219tri industriali.<\/p>\t\t\t\t\t\t\t\t<\/div>\n\t\t\t\t<\/div>\n\t\t\t\t<\/div>\n\t\t\t\t\t<\/div>\n\t\t\t\t<\/div>\n\t\t<div class=\"elementor-element elementor-element-2a97dc9 e-flex e-con-boxed e-con e-parent\" data-id=\"2a97dc9\" data-element_type=\"container\" data-e-type=\"container\">\n\t\t\t\t\t<div class=\"e-con-inner\">\n\t\t<div class=\"elementor-element elementor-element-99d7f43 e-con-full e-flex e-con e-child\" data-id=\"99d7f43\" data-element_type=\"container\" data-e-type=\"container\">\n\t\t\t\t<div class=\"elementor-element elementor-element-76ef8f8 elementor-widget elementor-widget-image\" data-id=\"76ef8f8\" data-element_type=\"widget\" data-e-type=\"widget\" data-widget_type=\"image.default\">\n\t\t\t\t<div class=\"elementor-widget-container\">\n\t\t\t\t\t\t\t\t\t\t\t\t\t\t\t<img decoding=\"async\" width=\"800\" height=\"400\" src=\"https:\/\/deficglobe.com\/wp-content\/uploads\/elementor\/thumbs\/xstore-placeholder-qzkgrrgtl9g5jxz1thizal19cl62d2qamzawuba0vc.png\" class=\"attachment-large size-large wp-image-1839 lazyload lazyload-simple et-lazyload-fadeIn\" alt=\"Partenerii no\u0219tri de solu\u021bion\u0103ri\" sizes=\"(max-width: 800px) 100vw, 800px\" data-src=\"https:\/\/deficglobe.com\/wp-content\/uploads\/2025\/10\/Our-Solution-Partners-03.jpg\" data-srcset=\"https:\/\/deficglobe.com\/wp-content\/uploads\/2025\/10\/Our-Solution-Partners-03.jpg 800w, https:\/\/deficglobe.com\/wp-content\/uploads\/2025\/10\/Our-Solution-Partners-03-300x150.jpg 300w, https:\/\/deficglobe.com\/wp-content\/uploads\/2025\/10\/Our-Solution-Partners-03-768x384.jpg 768w, https:\/\/deficglobe.com\/wp-content\/uploads\/2025\/10\/Our-Solution-Partners-03-1x1.jpg 1w, https:\/\/deficglobe.com\/wp-content\/uploads\/2025\/10\/Our-Solution-Partners-03-10x5.jpg 10w\" \/>\t\t\t\t\t\t\t\t\t\t\t\t\t\t\t<\/div>\n\t\t\t\t<\/div>\n\t\t\t\t<\/div>\n\t\t<div class=\"elementor-element elementor-element-55ed017 e-con-full e-flex e-con e-child\" data-id=\"55ed017\" data-element_type=\"container\" data-e-type=\"container\">\n\t\t\t\t<div class=\"elementor-element elementor-element-2a2f961 elementor-widget elementor-widget-heading\" data-id=\"2a2f961\" data-element_type=\"widget\" data-e-type=\"widget\" data-widget_type=\"heading.default\">\n\t\t\t\t<div class=\"elementor-widget-container\">\n\t\t\t\t\t<h3 class=\"elementor-heading-title elementor-size-default\">TONGWEI<\/h3>\t\t\t\t<\/div>\n\t\t\t\t<\/div>\n\t\t\t\t<div class=\"elementor-element elementor-element-c4cb7d7 elementor-widget elementor-widget-text-editor\" data-id=\"c4cb7d7\" data-element_type=\"widget\" data-e-type=\"widget\" data-widget_type=\"text-editor.default\">\n\t\t\t\t<div class=\"elementor-widget-container\">\n\t\t\t\t\t\t\t\t\t<p>Grupul Tongwei este una dintre cele mai importante societ\u0103\u021bi multina\u021bionale din lume care desf\u0103\u0219oar\u0103 activitate \u00een domeniile agriculturii verzi \u0219i energiei verzi, cu peste 400 de filiale \u0219i aproximativ 60.000 de angaja\u021bi.<\/p><ul><li>Societatea este un lider la nivel mondial \u00een produc\u021bia de siliciu cristalin de \u00eenalt\u0103 puritate, celule solare \u0219i module de \u00eenalt\u0103 eficien\u021b\u0103.<\/li><li>Tongwei este un pionier \u00een sector cu proiecte inovatoare precum \u201eintegrarea pescuit-energie solar\u0103\u201d.<\/li><li>Societatea ofer\u0103 solu\u021bii energetice sustenabile prin contribu\u021bia la numeroase proiecte de centrale solare (fotovoltaice) at\u00e2t \u00een \u200b\u200bChina, c\u00e2t \u0219i \u00een \u00eentreaga lume.<\/li><\/ul>\t\t\t\t\t\t\t\t<\/div>\n\t\t\t\t<\/div>\n\t\t\t\t<\/div>\n\t\t\t\t\t<\/div>\n\t\t\t\t<\/div>\n\t\t<div class=\"elementor-element elementor-element-c6560dd e-flex e-con-boxed e-con e-parent\" data-id=\"c6560dd\" data-element_type=\"container\" data-e-type=\"container\">\n\t\t\t\t\t<div class=\"e-con-inner\">\n\t\t<div class=\"elementor-element elementor-element-5ed400a e-con-full e-flex e-con e-child\" data-id=\"5ed400a\" data-element_type=\"container\" data-e-type=\"container\">\n\t\t\t\t<div class=\"elementor-element elementor-element-4e8191a elementor-widget elementor-widget-image\" data-id=\"4e8191a\" data-element_type=\"widget\" data-e-type=\"widget\" data-widget_type=\"image.default\">\n\t\t\t\t<div class=\"elementor-widget-container\">\n\t\t\t\t\t\t\t\t\t\t\t\t\t\t\t<img decoding=\"async\" width=\"800\" height=\"400\" src=\"https:\/\/deficglobe.com\/wp-content\/uploads\/elementor\/thumbs\/xstore-placeholder-qzkgrrgtl9g5jxz1thizal19cl62d2qamzawuba0vc.png\" class=\"attachment-large size-large wp-image-1840 lazyload lazyload-simple et-lazyload-fadeIn\" alt=\"Our Solution Partners\" sizes=\"(max-width: 800px) 100vw, 800px\" data-src=\"https:\/\/deficglobe.com\/wp-content\/uploads\/2025\/10\/Our-Solution-Partners-04.jpg\" data-srcset=\"https:\/\/deficglobe.com\/wp-content\/uploads\/2025\/10\/Our-Solution-Partners-04.jpg 800w, https:\/\/deficglobe.com\/wp-content\/uploads\/2025\/10\/Our-Solution-Partners-04-300x150.jpg 300w, https:\/\/deficglobe.com\/wp-content\/uploads\/2025\/10\/Our-Solution-Partners-04-768x384.jpg 768w, https:\/\/deficglobe.com\/wp-content\/uploads\/2025\/10\/Our-Solution-Partners-04-1x1.jpg 1w, https:\/\/deficglobe.com\/wp-content\/uploads\/2025\/10\/Our-Solution-Partners-04-10x5.jpg 10w\" \/>\t\t\t\t\t\t\t\t\t\t\t\t\t\t\t<\/div>\n\t\t\t\t<\/div>\n\t\t\t\t<\/div>\n\t\t<div class=\"elementor-element elementor-element-5d35f69 e-con-full e-flex e-con e-child\" data-id=\"5d35f69\" data-element_type=\"container\" data-e-type=\"container\">\n\t\t\t\t<div class=\"elementor-element elementor-element-e1ee51e elementor-widget elementor-widget-heading\" data-id=\"e1ee51e\" data-element_type=\"widget\" data-e-type=\"widget\" data-widget_type=\"heading.default\">\n\t\t\t\t<div class=\"elementor-widget-container\">\n\t\t\t\t\t<h3 class=\"elementor-heading-title elementor-size-default\">ARCTECH<\/h3>\t\t\t\t<\/div>\n\t\t\t\t<\/div>\n\t\t\t\t<div class=\"elementor-element elementor-element-1483e95 elementor-widget elementor-widget-text-editor\" data-id=\"1483e95\" data-element_type=\"widget\" data-e-type=\"widget\" data-widget_type=\"text-editor.default\">\n\t\t\t\t<div class=\"elementor-widget-container\">\n\t\t\t\t\t\t\t\t\t<p>Arctech este un lider la nivel mondial \u00een domeniul sistemelor inteligente de urm\u0103rire solar\u0103, structurilor cu pant\u0103 fix\u0103, robo\u021bilor de cur\u0103\u021bare fotovoltaici \u0219i solu\u021biilor de stocare a energiei.<\/p><ul><li>Societatea de\u021bine peste 530 de brevete.<\/li><li>Din 2009 \u0219i p\u00e2n\u0103 \u00een prezent, produsele sale au fost utilizate \u00een peste 1900 de centrale solare din peste 40 de \u021b\u0103ri.<\/li><li>Cu o capacitate instalat\u0103 global\u0103 de peste 91 GW, Arctech este un partener de \u00eencredere \u00een proiecte de energie solar\u0103 la scar\u0103 larg\u0103 datorit\u0103 tehnologiilor sale inovatoare \u0219i produselor de \u00eencredere.<\/li><\/ul>\t\t\t\t\t\t\t\t<\/div>\n\t\t\t\t<\/div>\n\t\t\t\t<\/div>\n\t\t\t\t\t<\/div>\n\t\t\t\t<\/div>\n\t\t\t\t<\/div>\n\t\t","protected":false},"excerpt":{"rendered":"<p>Partenerii no\u0219tri de solu\u021bion\u0103ri HUAWEI Huawei este un lider global \u00een tehnologie, specializat \u00een infrastructur\u0103 de tehnologie a informa\u021biei \u0219i&#8230;<\/p>\n","protected":false},"author":1,"featured_media":0,"parent":0,"menu_order":0,"comment_status":"closed","ping_status":"closed","template":"elementor_header_footer","meta":{"footnotes":""},"class_list":["post-1841","page","type-page","status-publish","hentry"],"_links":{"self":[{"href":"https:\/\/deficglobe.com\/ro\/wp-json\/wp\/v2\/pages\/1841","targetHints":{"allow":["GET"]}}],"collection":[{"href":"https:\/\/deficglobe.com\/ro\/wp-json\/wp\/v2\/pages"}],"about":[{"href":"https:\/\/deficglobe.com\/ro\/wp-json\/wp\/v2\/types\/page"}],"author":[{"embeddable":true,"href":"https:\/\/deficglobe.com\/ro\/wp-json\/wp\/v2\/users\/1"}],"replies":[{"embeddable":true,"href":"https:\/\/deficglobe.com\/ro\/wp-json\/wp\/v2\/comments?post=1841"}],"version-history":[{"count":3,"href":"https:\/\/deficglobe.com\/ro\/wp-json\/wp\/v2\/pages\/1841\/revisions"}],"predecessor-version":[{"id":1935,"href":"https:\/\/deficglobe.com\/ro\/wp-json\/wp\/v2\/pages\/1841\/revisions\/1935"}],"wp:attachment":[{"href":"https:\/\/deficglobe.com\/ro\/wp-json\/wp\/v2\/media?parent=1841"}],"curies":[{"name":"wp","href":"https:\/\/api.w.org\/{rel}","templated":true}]}}