{"id":1831,"date":"2025-10-08T17:21:44","date_gmt":"2025-10-08T16:21:44","guid":{"rendered":"https:\/\/deficglobe.com\/identitate-corporativa-si-istoric\/"},"modified":"2026-03-11T19:47:37","modified_gmt":"2026-03-11T19:47:37","slug":"identitate-corporativa-si-istoric","status":"publish","type":"page","link":"https:\/\/deficglobe.com\/ro\/identitate-corporativa-si-istoric\/","title":{"rendered":"Identitate Corporativ\u0103 \u0219i Istoric"},"content":{"rendered":"\t\t<div data-elementor-type=\"wp-page\" data-elementor-id=\"1831\" class=\"elementor elementor-1831 elementor-1448\" data-elementor-post-type=\"page\">\n\t\t\t\t<div class=\"elementor-element elementor-element-a207242 e-flex e-con-boxed e-con e-parent\" data-id=\"a207242\" data-element_type=\"container\" data-e-type=\"container\" data-settings=\"{&quot;background_background&quot;:&quot;classic&quot;}\">\n\t\t\t\t\t<div class=\"e-con-inner\">\n\t\t\t\t<div class=\"elementor-element elementor-element-dee5c8e elementor-widget elementor-widget-heading\" data-id=\"dee5c8e\" data-element_type=\"widget\" data-e-type=\"widget\" data-widget_type=\"heading.default\">\n\t\t\t\t<div class=\"elementor-widget-container\">\n\t\t\t\t\t<h1 class=\"elementor-heading-title elementor-size-default\">Identitate Corporativ\u0103 \u0219i Istoric<\/h1>\t\t\t\t<\/div>\n\t\t\t\t<\/div>\n\t\t\t\t\t<\/div>\n\t\t\t\t<\/div>\n\t\t<div class=\"elementor-element elementor-element-bc1afe4 e-flex e-con-boxed e-con e-parent\" data-id=\"bc1afe4\" data-element_type=\"container\" data-e-type=\"container\">\n\t\t\t\t\t<div class=\"e-con-inner\">\n\t\t<div class=\"elementor-element elementor-element-33f2fe4 e-con-full e-flex e-con e-child\" data-id=\"33f2fe4\" data-element_type=\"container\" data-e-type=\"container\">\n\t\t\t\t<div class=\"elementor-element elementor-element-652379e elementor-widget elementor-widget-text-editor\" data-id=\"652379e\" data-element_type=\"widget\" data-e-type=\"widget\" data-widget_type=\"text-editor.default\">\n\t\t\t\t<div class=\"elementor-widget-container\">\n\t\t\t\t\t\t\t\t\t<p>DEFIC GLOBE Enerji A.\u015e. a fost \u00eenfiin\u021bat\u0103 \u00een anul 2021 prin fuziunea societ\u0103\u021bilor EMSOLT \u0219i YEO Teknoloji A.\u015e., reunind expertiza lor \u00een domeniile de dezvoltare a proiectelor de energie regenerabil\u0103, finan\u021bare a proiectelor \u0219i EPC (Inginerie, Achizi\u021bii, Construc\u021bie &#8211; un model de livrare a proiectelor \u00een care procesele de proiectare, achizi\u021bii \u0219i construc\u021bie sunt gestionate de un singur antreprenor).<\/p><p>Numele DEFIC deriv\u0103 din cuvintele Dezvoltare, Finan\u021be \u0219i Construc\u021bie (EPC).<\/p><p>Viziunea societ\u0103\u021bii este de a accelera tranzi\u021bia c\u0103tre o lume neutr\u0103 din punct de vedere al emisiilor de carbon; misiunea sa este de a asigura servicii de dezvoltare, finan\u021bare, construc\u021bie \u0219i operare pentru proiecte de energie regenerabil\u0103, at\u00e2t pentru investi\u021bii proprii, c\u00e2t \u0219i pentru investitori interna\u021bionali majori, prin abordarea de tip \u201eserviciu unic\u201d.<\/p><p>Valorific\u00e2nd cuno\u0219tin\u021bele sale extinse pe pia\u021ba interna\u021bional\u0103, expertiza \u00een reglement\u0103rile locale \u0219i re\u021beaua puternic\u0103 de achizi\u021bie-finan\u021bare, DEFIC se concentreaz\u0103 \u00een principal pe resursele regenerabile, cu un accent deosebit pe energia solar\u0103.<\/p>\t\t\t\t\t\t\t\t<\/div>\n\t\t\t\t<\/div>\n\t\t\t\t<\/div>\n\t\t\t\t\t<\/div>\n\t\t\t\t<\/div>\n\t\t\t\t<\/div>\n\t\t","protected":false},"excerpt":{"rendered":"<p>Identitate Corporativ\u0103 \u0219i Istoric DEFIC GLOBE Enerji A.\u015e. a fost \u00eenfiin\u021bat\u0103 \u00een anul 2021 prin fuziunea societ\u0103\u021bilor EMSOLT \u0219i YEO&#8230;<\/p>\n","protected":false},"author":1,"featured_media":0,"parent":0,"menu_order":0,"comment_status":"closed","ping_status":"closed","template":"elementor_header_footer","meta":{"footnotes":""},"class_list":["post-1831","page","type-page","status-publish","hentry"],"_links":{"self":[{"href":"https:\/\/deficglobe.com\/ro\/wp-json\/wp\/v2\/pages\/1831","targetHints":{"allow":["GET"]}}],"collection":[{"href":"https:\/\/deficglobe.com\/ro\/wp-json\/wp\/v2\/pages"}],"about":[{"href":"https:\/\/deficglobe.com\/ro\/wp-json\/wp\/v2\/types\/page"}],"author":[{"embeddable":true,"href":"https:\/\/deficglobe.com\/ro\/wp-json\/wp\/v2\/users\/1"}],"replies":[{"embeddable":true,"href":"https:\/\/deficglobe.com\/ro\/wp-json\/wp\/v2\/comments?post=1831"}],"version-history":[{"count":1,"href":"https:\/\/deficglobe.com\/ro\/wp-json\/wp\/v2\/pages\/1831\/revisions"}],"predecessor-version":[{"id":1833,"href":"https:\/\/deficglobe.com\/ro\/wp-json\/wp\/v2\/pages\/1831\/revisions\/1833"}],"wp:attachment":[{"href":"https:\/\/deficglobe.com\/ro\/wp-json\/wp\/v2\/media?parent=1831"}],"curies":[{"name":"wp","href":"https:\/\/api.w.org\/{rel}","templated":true}]}}